{"id":3106,"date":"2023-03-20T15:59:37","date_gmt":"2023-03-20T14:59:37","guid":{"rendered":"https:\/\/go-kiruna.com\/wann-sollte-man-nach-kiruna-reisen\/"},"modified":"2025-04-09T14:41:26","modified_gmt":"2025-04-09T12:41:26","slug":"beste-reisezeit-kiruna","status":"publish","type":"page","link":"https:\/\/go-kiruna.com\/de\/beste-reisezeit-kiruna\/","title":{"rendered":"Wann ist die beste Reisezeit f\u00fcr Kiruna?"},"content":{"rendered":"<div class=\"gb-container gb-container-347a39b1 kbanner alignfull\"><div class=\"gb-inside-container\">\n\n<h1 class=\"wp-block-heading has-base-3-color has-text-color\"><strong>Wann ist die beste Reisezeit f\u00fcr Kiruna?<\/strong><\/h1>\n\n<\/div><\/div>\n\n<div class=\"gb-container gb-container-49819683 ksection\"><div class=\"gb-inside-container\">\n\n<p><a href=\"\/de\/\">Kiruna<\/a> liegt <strong>200 Kilometer n\u00f6rdlich<\/strong> des Polarkreises und hat ein <strong>besonderes Klima<\/strong>. Schwedisch Lappland ist ein sehr mildes Land. <strong> <\/strong>Ein Reiseziel, das eine <strong>besondere Vorbereitung <\/strong>erfordert, vor allem in den Wintermonaten.<\/p>\n\n\n\n<p>In diesem Reisef\u00fchrer finden Sie die<strong> wichtigsten Informationen<\/strong> f\u00fcr jede Jahreszeit, damit Sie genau wissen, <strong>wann Sie nach Kiruna fahren<\/strong> m\u00fcssen.<\/p>\n\n\n<div class=\"gb-container gb-container-cd4f574c ksection\"><div class=\"gb-inside-container\">\n\n<h2 class=\"wp-block-heading has-text-align-center has-kcolor-color has-text-color has-large-font-size\" style=\"letter-spacing:0px;text-transform:uppercase\">Das Wichtigste vor der Entscheidung, wann Sie nach Kiruna reisen sollten?<\/h2>\n\n\n\n<hr class=\"wp-block-separator has-text-color has-kcolor-color has-alpha-channel-opacity has-kcolor-background-color has-background is-style-wide\"\/>\n\n\n<div class=\"gb-grid-wrapper gb-grid-wrapper-b0c3df2a kessentials-grid\">\n<div class=\"gb-grid-column gb-grid-column-688d0cb3\"><div class=\"gb-container gb-container-688d0cb3 kessentials-item\"><div class=\"gb-inside-container\">\n\n<i class=\"fas fa-clock fa-5x\"><\/i>\n\n\n\n<p class=\"kessentials-item-title\">Die Strecke<\/p>\n\n\n\n<p>Kiruna ist eine kleine Stadt, die mit<strong> den Flugh\u00e4fen der n\u00f6rdlichen L\u00e4nder, insbesondere Stockholm <\/strong>, verbunden ist und die Zwischenstopps k\u00f6nnen manchmal <strong>sehr lang<\/strong> sein (bis zu einem Tag)!  <\/p>\n\n\n\n<p>Wir empfehlen Ihnen, einen <strong>Flugvergleich <\/strong>zu verwenden, um Ihre Reisezeit zu optimieren und zu entscheiden, wann Sie fliegen m\u00f6chten.<\/p>\n\n\n\n<div class=\"wp-block-buttons is-content-justification-center is-layout-flex wp-container-core-buttons-is-layout-e1485a7b wp-block-buttons-is-layout-flex\"><\/div>\n\n<\/div><\/div><\/div>\n\n<div class=\"gb-grid-column gb-grid-column-9d0acf0f\"><div class=\"gb-container gb-container-9d0acf0f kessentials-item\"><div class=\"gb-inside-container\">\n\n<i class=\"fas fa-snowflake fa-5x\"><\/i>\n\n\n\n<p class=\"kessentials-item-title\">Das Klima<\/p>\n\n\n\n<p>Wie bereits erw\u00e4hnt, kann das Klima in Kiruna manchmal <strong>sehr ungew\u00f6hnlich<\/strong> sein.<\/p>\n\n\n\n<p>Eisige Winter und regnerische Sommer &#8211; wir zeigen Ihnen, was Sie <strong>wissen m\u00fcssen, <\/strong>um sich optimal auf Ihre <strong>Reise <\/strong>nach Schwedisch Lappland vorzubereiten.<\/p>\n\n\n\n<div class=\"wp-block-buttons kbutton is-content-justification-center is-layout-flex wp-container-core-buttons-is-layout-e1485a7b wp-block-buttons-is-layout-flex\">\n<div class=\"wp-block-button has-custom-font-size is-style-outline kbutton has-small-font-size is-style-outline--1\"><a class=\"wp-block-button__link has-kcolor-color has-base-3-background-color has-text-color has-background wp-element-button\" href=\"#k-climat\" style=\"border-radius:4px\">mehr<\/a><\/div>\n<\/div>\n\n<\/div><\/div><\/div>\n\n<div class=\"gb-grid-column gb-grid-column-8aba1b33\"><div class=\"gb-container gb-container-8aba1b33 kessentials-item\"><div class=\"gb-inside-container\">\n\n<i class=\"fas fa-sun fa-5x\"><\/i>\n\n\n\n<p class=\"kessentials-item-title\">Sonnenschein<\/p>\n\n\n\n<p>Kiruna hat aufgrund seiner<strong> geographischen Lage<\/strong> eine <strong>sehr spezifische Sonneneinstrahlung<\/strong>, die typisch f\u00fcr den hohen Norden ist.<\/p>\n\n\n\n<p>  Zwischen <strong>Mitternachtssonne und Polarnacht,<\/strong> in diesem Artikel werden wir Ihnen die <strong>besten Reisezeiten<\/strong> erl\u00e4utern.<\/p>\n\n\n\n<div class=\"wp-block-buttons is-content-justification-center is-layout-flex wp-container-core-buttons-is-layout-e1485a7b wp-block-buttons-is-layout-flex\">\n<div class=\"wp-block-button has-custom-font-size is-style-outline kbutton has-small-font-size is-style-outline--2\"><a class=\"wp-block-button__link has-kcolor-color has-base-3-background-color has-text-color has-background wp-element-button\" href=\"#k-soleil\" style=\"border-radius:4px\">mehr<\/a><\/div>\n<\/div>\n\n<\/div><\/div><\/div>\n\n<div class=\"gb-grid-column gb-grid-column-54c14bbd\"><div class=\"gb-container gb-container-54c14bbd kessentials-item\"><div class=\"gb-inside-container\">\n\n<i class=\"fa-solid fa-star fa-5x\"><\/i>\n\n\n\n<p class=\"kessentials-item-title\">Die Nordlichter<\/p>\n\n\n\n<p><strong>Ein Klimaph\u00e4nomen<\/strong>, das nur an den <strong>beiden Polen der Erde<\/strong> zu beobachten ist und von Reisenden im <strong>hohen Norden<\/strong> sehr gesch\u00e4tzt wird, finden Sie in Kiruna alle <strong>Tipps, <\/strong>die Sie wissen sollten, bevor Sie auf die Jagd gehen.<\/p>\n\n\n\n<div class=\"wp-block-buttons is-content-justification-center is-layout-flex wp-container-core-buttons-is-layout-e1485a7b wp-block-buttons-is-layout-flex\">\n<div class=\"wp-block-button has-custom-font-size is-style-outline kbutton has-small-font-size is-style-outline--3\"><a class=\"wp-block-button__link has-kcolor-color has-base-3-background-color has-text-color has-background wp-element-button\" href=\"#k-aurores\" style=\"border-radius:4px\">mehr<\/a><\/div>\n<\/div>\n\n<\/div><\/div><\/div>\n<\/div>\n<\/div><\/div>\n<\/div><\/div>\n\n<div class=\"gb-container gb-container-957a7df0 ksection\"><div class=\"gb-inside-container\">\n\n<h2 class=\"wp-block-heading has-text-align-center has-large-font-size\" style=\"letter-spacing:0px;text-transform:uppercase\">Zu ber\u00fccksichtigende Elemente<\/h2>\n\n\n\n<hr class=\"wp-block-separator has-text-color has-kcolor-color has-alpha-channel-opacity has-kcolor-background-color has-background is-style-wide\"\/>\n\n\n\n<p>Wenn Sie eine Reise in die Provinz Kiruna unternehmen, werden Sie wissen, dass diese Region ein manchmal extremes Klima hat. Hier ist, was Sie wissen m\u00fcssen, bevor Sie Ihren Urlaub in Kiruna buchen: <\/p>\n\n\n\n<h3 class=\"wp-block-heading\">Zulauf<\/h3>\n\n\n\n<p>Je nach Jahreszeit gibt es in Kiruna eine gro\u00dfe Auswahl an <strong>Aktivit\u00e4ten im Freien <\/strong>. Im Sommer ist die Region ideal zum <strong>Wandern<\/strong>. Im Winter k\u00f6nnen Sie<strong> Schlittenhunde<\/strong> oder <strong>Schneemobile<\/strong> fahren.    <\/p>\n\n\n\n<p>Die Schweden lieben dieses Reiseziel w\u00e4hrend der <strong>Sommermonate<\/strong>. Juni, Juli und August sind die Monate, in denen die Hotels und Unterk\u00fcnfte in Kiruna <strong>am st\u00e4rksten ausgelastet<\/strong> sind. <\/p>\n\n\n\n<p>Die Region zieht jedoch auch viele <strong>ausl\u00e4ndische Touristen<\/strong> in den Wintermonaten an. Es ist eindeutig die Jahreszeit, in der die meisten Menschen nach Kiruna reisen. Die Besucher kommen, um die <strong>schneebedeckte Landschaft<\/strong> und die damit verbundenen Aktivit\u00e4ten zu genie\u00dfen.    <\/p>\n\n\n\n<figure class=\"wp-block-gallery has-nested-images columns-default is-cropped wp-block-gallery-4 is-layout-flex wp-block-gallery-is-layout-flex\">\n<figure class=\"wp-block-image size-large\"><img loading=\"lazy\" decoding=\"async\" width=\"1200\" height=\"800\" data-id=\"438\" src=\"https:\/\/go-kiruna.com\/wp-content\/uploads\/sites\/20\/2023\/03\/motoneige-foret-kiruna.jpg\" alt=\"Schneemobilfahren im Wald in der N\u00e4he von Kiruna\" class=\"wp-image-438\" srcset=\"https:\/\/go-kiruna.com\/wp-content\/uploads\/sites\/20\/2023\/03\/motoneige-foret-kiruna.jpg 1200w, https:\/\/go-kiruna.com\/wp-content\/uploads\/sites\/20\/2023\/03\/motoneige-foret-kiruna-500x333.jpg 500w, https:\/\/go-kiruna.com\/wp-content\/uploads\/sites\/20\/2023\/03\/motoneige-foret-kiruna-768x512.jpg 768w\" sizes=\"auto, (max-width: 1200px) 100vw, 1200px\" \/><\/figure>\n\n\n\n<figure class=\"wp-block-image size-large\"><img loading=\"lazy\" decoding=\"async\" width=\"1200\" height=\"800\" data-id=\"463\" src=\"https:\/\/go-kiruna.com\/wp-content\/uploads\/sites\/20\/2023\/03\/attelage-chien-traineau-kiruna.jpg\" alt=\"Schlittenhundegespann in Kiruna\" class=\"wp-image-463\" srcset=\"https:\/\/go-kiruna.com\/wp-content\/uploads\/sites\/20\/2023\/03\/attelage-chien-traineau-kiruna.jpg 1200w, https:\/\/go-kiruna.com\/wp-content\/uploads\/sites\/20\/2023\/03\/attelage-chien-traineau-kiruna-500x333.jpg 500w, https:\/\/go-kiruna.com\/wp-content\/uploads\/sites\/20\/2023\/03\/attelage-chien-traineau-kiruna-768x512.jpg 768w\" sizes=\"auto, (max-width: 1200px) 100vw, 1200px\" \/><\/figure>\n<\/figure>\n\n\n\n<p>Kiruna hat im Durchschnitt einen<strong> m\u00e4\u00dfigen Einfluss<\/strong>, der im Juli und Dezember am st\u00e4rksten ist. Sie <strong>sollten jedoch nicht zu lange mit der Buchung<\/strong> von Unterk\u00fcnften und Aktivit\u00e4ten warten, denn es k\u00f6nnte sein, dass Sie nicht alles tun k\u00f6nnen, was Sie sich vorgenommen haben.<\/p>\n\n\n\n<h3 class=\"wp-block-heading\" id=\"k-soleil\">Sonneneinstrahlung<\/h3>\n\n\n\n<p>Kiruna liegt auf dem 68. Breitengrad, 200 Kilometer n\u00f6rdlich des Polarkreises, und hat <strong>ganz besondere Jahreszeiten<\/strong>. Die S\u00e1mi, ein Volk, das urspr\u00fcnglich aus Lappland stammt, z\u00e4hlen<strong> 8 Jahreszeiten <\/strong>pro Jahr.   <\/p>\n\n\n\n<p>Die Sonne geht im Dezember an etwa 20 Tagen <strong>nicht auf<\/strong>. Dieses Ph\u00e4nomen wird als <strong>Polarnacht<\/strong> bezeichnet und zwingt die Einheimischen, <strong>sich an die<\/strong> fehlende <strong>Sonneneinstrahlung anzupassen<\/strong>. <\/p>\n\n\n\n<figure class=\"wp-block-image size-full\"><img loading=\"lazy\" decoding=\"async\" width=\"1200\" height=\"800\" src=\"https:\/\/go-kiruna.com\/wp-content\/uploads\/sites\/20\/2023\/03\/coucher-soleil-kiruna.jpg\" alt=\"Sonnenuntergang in Kiruna\" class=\"wp-image-736\" srcset=\"https:\/\/go-kiruna.com\/wp-content\/uploads\/sites\/20\/2023\/03\/coucher-soleil-kiruna.jpg 1200w, https:\/\/go-kiruna.com\/wp-content\/uploads\/sites\/20\/2023\/03\/coucher-soleil-kiruna-500x333.jpg 500w, https:\/\/go-kiruna.com\/wp-content\/uploads\/sites\/20\/2023\/03\/coucher-soleil-kiruna-768x512.jpg 768w\" sizes=\"auto, (max-width: 1200px) 100vw, 1200px\" \/><\/figure>\n\n\n\n<p><\/p>\n\n\n\n<p>Im Gegensatz dazu gibt es zwischen Ende Mai und Mitte Juli etwa 40 Tage, an denen das Ph\u00e4nomen der <strong>Mitternachtssonne oder des Polartages<\/strong> zu beobachten ist. In dieser Zeit geht die Sonne <strong>nicht unter<\/strong>. <\/p>\n\n\n\n<p>Von Mitte April bis Ende August gibt es sogar <strong>wei\u00dfe N\u00e4chte<\/strong>. Obwohl die Sonne untergeht, wird es <strong>nie ganz dunkel<\/strong>. <\/p>\n\n\n\n<h3 class=\"wp-block-heading\" id=\"k-climat\">Temperatur und Niederschlag<\/h3>\n\n\n\n<p>Kiruna hat ein<strong> kaltes Kontinentalklima<\/strong> mit eisigen Wintern und milden Sommern. Manchmal wird die Region von <strong>arktischen Winden<\/strong> heimgesucht, was zu <strong>sehr extremen Temperaturen<\/strong> f\u00fchren kann. <\/p>\n\n\n\n<p>Innerhalb eines Jahres sind die Temperaturunterschiede <strong>sehr gro\u00df<\/strong>. In den <strong>k\u00e4ltesten Monaten<\/strong>, von Dezember bis Februar, liegen die Temperaturen <strong>streng unter dem<\/strong> Gefrierpunkt und schwanken zwischen -5\u00b0C und -20\u00b0C. In den <strong>k\u00e4ltesten Monaten<\/strong>, von Dezember bis Februar, liegen die Temperaturen <strong>streng<\/strong> unter dem Gefrierpunkt und schwanken zwischen -5\u00b0C und -20\u00b0C.   <\/p>\n\n\n\n<p>Der K\u00e4lterekord wurde 1996 mit einer Temperatur von -42\u00b0C verzeichnet! Zwischen <strong>Juni und August<\/strong> k\u00f6nnen Sie jedoch <strong>mildere<\/strong> Temperaturen zwischen 5\u00b0C und 20\u00b0C genie\u00dfen. <\/p>\n\n\n\n<figure class=\"wp-block-image size-full\"><img loading=\"lazy\" decoding=\"async\" width=\"1200\" height=\"800\" src=\"https:\/\/go-kiruna.com\/wp-content\/uploads\/sites\/20\/2023\/03\/rue-enneigee-kiruna-hiver.jpg\" alt=\"Schneebedeckte Stra\u00dfe in Kiruna im Winter\" class=\"wp-image-737\" srcset=\"https:\/\/go-kiruna.com\/wp-content\/uploads\/sites\/20\/2023\/03\/rue-enneigee-kiruna-hiver.jpg 1200w, https:\/\/go-kiruna.com\/wp-content\/uploads\/sites\/20\/2023\/03\/rue-enneigee-kiruna-hiver-500x333.jpg 500w, https:\/\/go-kiruna.com\/wp-content\/uploads\/sites\/20\/2023\/03\/rue-enneigee-kiruna-hiver-768x512.jpg 768w\" sizes=\"auto, (max-width: 1200px) 100vw, 1200px\" \/><\/figure>\n\n\n\n<p><\/p>\n\n\n\n<p>Aber Vorsicht: Trotz des <strong>trockenen Wetters<\/strong> kann es in der Region Kiruna im Sommer ziemlich <strong>regnerisch <\/strong>werden. Pr\u00fcfen Sie, ob Sie das st\u00f6ren k\u00f6nnte, bevor Sie Ihre Reise buchen. <\/p>\n\n\n\n<h3 class=\"wp-block-heading\" id=\"k-aurores\">Beste Reisezeit f\u00fcr Kiruna zur Beobachtung des Polarlichts<\/h3>\n\n\n\n<p>Was ist eigentlich ein <strong>Polarlicht<\/strong>? <em>Aurora Borealis<\/em> genannt, ist ein physikalisches Ph\u00e4nomen, das durch die <strong>Kollision von <\/strong>elektrisch geladenen <strong>Sonnenpartikeln <\/strong>in der Atmosph\u00e4re erkl\u00e4rt wird. Die Farben h\u00e4ngen dann vom <strong>Sauerstoffgehalt<\/strong> in der Atmosph\u00e4re ab, von gr\u00fcn \u00fcber rot bis violett.  <\/p>\n\n\n\n<p>Nat\u00fcrlich h\u00e4ngt das Auftreten dieser hellen Streifen von einer <strong>Reihe von Bedingungen<\/strong> ab: klarer Himmel, geomagnetische Aktivit\u00e4t, Helligkeit&#8230;. Aber Sie sollten wissen, dass Sie <strong>zwischen September und M\u00e4rz<\/strong> nach Kiruna reisen m\u00fcssen, um sie zu sehen. <\/p>\n\n\n\n<figure class=\"wp-block-image size-full\"><img loading=\"lazy\" decoding=\"async\" width=\"1200\" height=\"800\" src=\"https:\/\/go-kiruna.com\/wp-content\/uploads\/sites\/20\/2023\/03\/aurore-boreale-jukkasjarvi.jpg\" alt=\"Nordlicht in Jukkasjarvi\" class=\"wp-image-449\" srcset=\"https:\/\/go-kiruna.com\/wp-content\/uploads\/sites\/20\/2023\/03\/aurore-boreale-jukkasjarvi.jpg 1200w, https:\/\/go-kiruna.com\/wp-content\/uploads\/sites\/20\/2023\/03\/aurore-boreale-jukkasjarvi-500x333.jpg 500w, https:\/\/go-kiruna.com\/wp-content\/uploads\/sites\/20\/2023\/03\/aurore-boreale-jukkasjarvi-768x512.jpg 768w\" sizes=\"auto, (max-width: 1200px) 100vw, 1200px\" \/><\/figure>\n\n\n\n<p><\/p>\n\n\n\n<p>Zwischen <strong>19.00 und 2.00 Uhr morgens<\/strong> ist die Wahrscheinlichkeit am gr\u00f6\u00dften, dass Sie die Tiere sehen. Die beeindruckendsten Sichtungen sind <strong>zwischen 22.00 und 23.00 Uhr<\/strong>. <\/p>\n\n\n\n<p>Beachten Sie, dass der beste Weg, sie zu sehen, darin besteht,<strong> im Internet oder in einer Anwendung<\/strong> (es gibt mehrere kostenlose) die <strong>Wahrscheinlichkeit ihres Auftretens<\/strong> zu<strong> \u00fcberpr\u00fcfen<\/strong>. Gehen Sie dann nach drau\u00dfen, an einen <strong>offenen Ort<\/strong> mit m\u00f6glichst wenig k\u00fcnstlichem Licht, um eine Sichtung zu erhoffen. Wenn dies der Fall ist, genie\u00dfen Sie das Spektakel, denn <strong>manchmal dauert es nicht sehr lange<\/strong>!  <\/p>\n\n\n\n<p>Weitere Informationen finden Sie in unserem Leitfaden zur Beobachtung des <a href=\"https:\/\/go-kiruna.com\/de\/nordlichter-kiruna\/\">Nordlichts in Kiruna<\/a>.<\/p>\n\n<\/div><\/div>\n\n<div class=\"gb-container gb-container-775b2e4c ksection\"><div class=\"gb-inside-container\">\n\n<p>Aufgrund <strong>dieser besonderen Bedingungen<\/strong> empfehlen wir Ihnen, sich Ihre Reisedaten genau zu \u00fcberlegen, um zu entscheiden, wann Sie nach Kiruna reisen m\u00f6chten. Diese werden f\u00fcr die Planung Ihres Programms entscheidend sein.   <\/p>\n\n\n\n<p>Wenn Sie wandern oder Rafting machen m\u00f6chten, sollten Sie die Sommermonate bevorzugen. Aber bevorzugen Sie die Wintermonate, wenn Sie Schneemobil fahren oder die Nordlichter beobachten m\u00f6chten! Egal zu welcher Jahreszeit, wenn Sie Aktivit\u00e4ten im Freien im schwedischen Flachland genie\u00dfen m\u00f6chten, ist Kiruna und seine Umgebung, insbesondere <a href=\"https:\/\/go-kiruna.com\/de\/abisko\/\" data-type=\"page\" data-id=\"645\">Abisko<\/a>, ein perfektes Ziel daf\u00fcr!<\/p>\n\n<\/div><\/div>","protected":false},"excerpt":{"rendered":"<p>Wann ist die beste Reisezeit f\u00fcr Kiruna? Kiruna liegt 200 Kilometer n\u00f6rdlich des Polarkreises und hat ein besonderes Klima. Schwedisch Lappland ist ein sehr mildes Land. Ein Reiseziel, das eine besondere Vorbereitung erfordert, vor allem in den Wintermonaten. In diesem Reisef\u00fchrer finden Sie die wichtigsten Informationen f\u00fcr jede Jahreszeit, damit Sie genau wissen, wann Sie &#8230; <a title=\"Wann ist die beste Reisezeit f\u00fcr Kiruna?\" class=\"read-more\" href=\"https:\/\/go-kiruna.com\/de\/beste-reisezeit-kiruna\/\" aria-label=\"Mehr zu Wann ist die beste Reisezeit f\u00fcr Kiruna?\">Weiterlesen &#8230;<\/a><\/p>\n","protected":false},"author":16,"featured_media":3107,"parent":0,"menu_order":0,"comment_status":"closed","ping_status":"closed","template":"","meta":{"footnotes":""},"class_list":["post-3106","page","type-page","status-publish","has-post-thumbnail"],"_links":{"self":[{"href":"https:\/\/go-kiruna.com\/de\/wp-json\/wp\/v2\/pages\/3106","targetHints":{"allow":["GET"]}}],"collection":[{"href":"https:\/\/go-kiruna.com\/de\/wp-json\/wp\/v2\/pages"}],"about":[{"href":"https:\/\/go-kiruna.com\/de\/wp-json\/wp\/v2\/types\/page"}],"author":[{"embeddable":true,"href":"https:\/\/go-kiruna.com\/de\/wp-json\/wp\/v2\/users\/16"}],"replies":[{"embeddable":true,"href":"https:\/\/go-kiruna.com\/de\/wp-json\/wp\/v2\/comments?post=3106"}],"version-history":[{"count":3,"href":"https:\/\/go-kiruna.com\/de\/wp-json\/wp\/v2\/pages\/3106\/revisions"}],"predecessor-version":[{"id":3508,"href":"https:\/\/go-kiruna.com\/de\/wp-json\/wp\/v2\/pages\/3106\/revisions\/3508"}],"wp:featuredmedia":[{"embeddable":true,"href":"https:\/\/go-kiruna.com\/de\/wp-json\/wp\/v2\/media\/3107"}],"wp:attachment":[{"href":"https:\/\/go-kiruna.com\/de\/wp-json\/wp\/v2\/media?parent=3106"}],"curies":[{"name":"wp","href":"https:\/\/api.w.org\/{rel}","templated":true}]}}