{"id":2487,"date":"2023-03-20T15:59:37","date_gmt":"2023-03-20T14:59:37","guid":{"rendered":"https:\/\/go-kiruna.com\/cuando-conviene-viajar-a-kiruna\/"},"modified":"2024-12-04T17:26:17","modified_gmt":"2024-12-04T16:26:17","slug":"cuando-viajar-a-kiruna","status":"publish","type":"page","link":"https:\/\/go-kiruna.com\/es\/cuando-viajar-a-kiruna\/","title":{"rendered":"\u00bfCu\u00e1ndo viajar a Kiruna?"},"content":{"rendered":"<div class=\"gb-container gb-container-347a39b1 kbanner alignfull\"><div class=\"gb-inside-container\">\n\n<h1 class=\"wp-block-heading has-base-3-color has-text-color\"><strong>\u00bfCu\u00e1ndo viajar a Kiruna?<\/strong><\/h1>\n\n<\/div><\/div>\n\n<div class=\"gb-container gb-container-49819683 ksection\"><div class=\"gb-inside-container\">\n\n<p><a href=\"\/es\/\">Kiruna<\/a>, situada <strong>a 200 kil\u00f3metros al norte<\/strong> del C\u00edrculo Polar \u00c1rtico, tiene un <strong>clima muy especial<\/strong>. De hecho, la Laponia sueca es una de las regiones m\u00e1s templadas del mundo. <strong> <\/strong>Un destino que requiere <strong>una preparaci\u00f3n espec\u00edfica <\/strong>si quieres ir all\u00ed, especialmente durante los meses de invierno.<\/p>\n\n\n\n<p>En esta gu\u00eda te daremos la<strong> informaci\u00f3n esencial<\/strong> que necesitas saber, estaci\u00f3n por estaci\u00f3n, para decidir <strong>cu\u00e1ndo ir a Kiruna<\/strong>.<\/p>\n\n\n<div class=\"gb-container gb-container-cd4f574c ksection\"><div class=\"gb-inside-container\">\n\n<h2 class=\"wp-block-heading has-text-align-center has-kcolor-color has-text-color has-large-font-size\" style=\"letter-spacing:0px;text-transform:uppercase\">\u00bfQu\u00e9 necesitas saber antes de elegir cu\u00e1ndo ir a Kiruna?<\/h2>\n\n\n\n<hr class=\"wp-block-separator has-text-color has-kcolor-color has-alpha-channel-opacity has-kcolor-background-color has-background is-style-wide\"\/>\n\n\n<div class=\"gb-grid-wrapper gb-grid-wrapper-b0c3df2a kessentials-grid\">\n<div class=\"gb-grid-column gb-grid-column-688d0cb3\"><div class=\"gb-container gb-container-688d0cb3 kessentials-item\"><div class=\"gb-inside-container\">\n\n<i class=\"fas fa-clock fa-5x\"><\/i>\n\n\n\n<p class=\"kessentials-item-title\">El viaje<\/p>\n\n\n\n<p>Kiruna es una ciudad peque\u00f1a con enlaces a<strong> los aeropuertos de los pa\u00edses del norte, sobre todo a Estocolmo <\/strong>, y las escalas a veces pueden ser <strong>muy largas<\/strong> (\u00a1hasta un d\u00eda!).  <\/p>\n\n\n\n<p>Te aconsejamos que utilices un <strong>comparador de vuelos <\/strong>para optimizar tu tiempo de viaje y elegir cu\u00e1ndo salir.<\/p>\n\n\n\n<div class=\"wp-block-buttons is-content-justification-center is-layout-flex wp-container-core-buttons-is-layout-e1485a7b wp-block-buttons-is-layout-flex\"><\/div>\n\n<\/div><\/div><\/div>\n\n<div class=\"gb-grid-column gb-grid-column-9d0acf0f\"><div class=\"gb-container gb-container-9d0acf0f kessentials-item\"><div class=\"gb-inside-container\">\n\n<i class=\"fas fa-snowflake fa-5x\"><\/i>\n\n\n\n<p class=\"kessentials-item-title\">El clima<\/p>\n\n\n\n<p>Como ya se ha dicho, el clima de Kiruna puede ser <strong>muy peculiar<\/strong> a veces.<\/p>\n\n\n\n<p>Desde inviernos g\u00e9lidos a veranos lluviosos, esto es lo que debes <strong>saber <\/strong>para preparar <strong>tu viaje <\/strong>a la Laponia sueca.<\/p>\n\n\n\n<div class=\"wp-block-buttons kbutton is-content-justification-center is-layout-flex wp-container-core-buttons-is-layout-e1485a7b wp-block-buttons-is-layout-flex\">\n<div class=\"wp-block-button has-custom-font-size is-style-outline kbutton has-small-font-size is-style-outline--1\"><a class=\"wp-block-button__link has-kcolor-color has-base-3-background-color has-text-color has-background wp-element-button\" href=\"#k-climat\" style=\"border-radius:4px\">M\u00e1s informaci\u00f3n<\/a><\/div>\n<\/div>\n\n<\/div><\/div><\/div>\n\n<div class=\"gb-grid-column gb-grid-column-8aba1b33\"><div class=\"gb-container gb-container-8aba1b33 kessentials-item\"><div class=\"gb-inside-container\">\n\n<i class=\"fas fa-sun fa-5x\"><\/i>\n\n\n\n<p class=\"kessentials-item-title\">Sol<\/p>\n\n\n\n<p>Debido a su<strong> situaci\u00f3n geogr\u00e1fica<\/strong>, Kiruna disfruta de un <strong>tipo de sol muy espec\u00edfico<\/strong>, t\u00edpico del extremo norte.<\/p>\n\n\n\n<p>  Desde <strong>el sol de medianoche hasta la noche polar,<\/strong> este art\u00edculo examina las <strong>mejores horas<\/strong> para salir.<\/p>\n\n\n\n<div class=\"wp-block-buttons is-content-justification-center is-layout-flex wp-container-core-buttons-is-layout-e1485a7b wp-block-buttons-is-layout-flex\">\n<div class=\"wp-block-button has-custom-font-size is-style-outline kbutton has-small-font-size is-style-outline--2\"><a class=\"wp-block-button__link has-kcolor-color has-base-3-background-color has-text-color has-background wp-element-button\" href=\"#k-soleil\" style=\"border-radius:4px\">M\u00e1s informaci\u00f3n<\/a><\/div>\n<\/div>\n\n<\/div><\/div><\/div>\n\n<div class=\"gb-grid-column gb-grid-column-54c14bbd\"><div class=\"gb-container gb-container-54c14bbd kessentials-item\"><div class=\"gb-inside-container\">\n\n<i class=\"fa-solid fa-star fa-5x\"><\/i>\n\n\n\n<p class=\"kessentials-item-title\">La aurora boreal<\/p>\n\n\n\n<p><strong>Fen\u00f3meno<\/strong> clim\u00e1tico s\u00f3lo visible en <strong>los dos polos de la Tierra<\/strong> y muy buscado por los viajeros que viajan al <strong>extremo norte<\/strong>, encontrar\u00e1s todos los <strong>consejos <\/strong>que necesitas saber antes de salir de caza en Kiruna.<\/p>\n\n\n\n<div class=\"wp-block-buttons is-content-justification-center is-layout-flex wp-container-core-buttons-is-layout-e1485a7b wp-block-buttons-is-layout-flex\">\n<div class=\"wp-block-button has-custom-font-size is-style-outline kbutton has-small-font-size is-style-outline--3\"><a class=\"wp-block-button__link has-kcolor-color has-base-3-background-color has-text-color has-background wp-element-button\" href=\"#k-aurores\" style=\"border-radius:4px\">M\u00e1s informaci\u00f3n<\/a><\/div>\n<\/div>\n\n<\/div><\/div><\/div>\n<\/div>\n<\/div><\/div>\n<\/div><\/div>\n\n<div class=\"gb-container gb-container-957a7df0 ksection\"><div class=\"gb-inside-container\">\n\n<h2 class=\"wp-block-heading has-text-align-center has-large-font-size\" style=\"letter-spacing:0px;text-transform:uppercase\">Factores a tener en cuenta<\/h2>\n\n\n\n<hr class=\"wp-block-separator has-text-color has-kcolor-color has-alpha-channel-opacity has-kcolor-background-color has-background is-style-wide\"\/>\n\n\n\n<p>Si viajas a la provincia de Kiruna, sabr\u00e1s que el clima puede ser extremo. Esto es lo que debes saber antes de reservar tus vacaciones en Kiruna: <\/p>\n\n\n\n<h3 class=\"wp-block-heading\">Asistencia<\/h3>\n\n\n\n<p>Dependiendo de la estaci\u00f3n, Kiruna ofrece una amplia gama de <strong>actividades al aire libre <\/strong>. En verano, la regi\u00f3n es ideal para <strong>hacer senderismo<\/strong>. Pero en invierno, puedes disfrutar de<strong> trineos tirados por perros<\/strong> o <strong>motos de nieve<\/strong>.    <\/p>\n\n\n\n<p>Los suecos son muy aficionados a este destino durante los <strong>meses de verano<\/strong>. Junio, julio y agosto son los meses de <strong>mayor afluencia<\/strong> de hoteles y alojamientos en Kiruna. <\/p>\n\n\n\n<p>Sin embargo, la regi\u00f3n tambi\u00e9n atrae a muchos <strong>turistas extranjeros<\/strong> durante los meses de invierno. Es claramente durante esta estaci\u00f3n cuando la gente suele elegir visitar Kiruna. Vienen a disfrutar del <strong>paisaje nevado<\/strong> y de las actividades que lo acompa\u00f1an.    <\/p>\n\n\n\n<figure class=\"wp-block-gallery has-nested-images columns-default is-cropped wp-block-gallery-4 is-layout-flex wp-block-gallery-is-layout-flex\">\n<figure class=\"wp-block-image size-large\"><img loading=\"lazy\" decoding=\"async\" width=\"1200\" height=\"800\" data-id=\"438\" src=\"https:\/\/go-kiruna.com\/wp-content\/uploads\/sites\/20\/2023\/03\/motoneige-foret-kiruna.jpg\" alt=\"Motos de nieve en el bosque cerca de Kiruna\" class=\"wp-image-438\" srcset=\"https:\/\/go-kiruna.com\/wp-content\/uploads\/sites\/20\/2023\/03\/motoneige-foret-kiruna.jpg 1200w, https:\/\/go-kiruna.com\/wp-content\/uploads\/sites\/20\/2023\/03\/motoneige-foret-kiruna-500x333.jpg 500w, https:\/\/go-kiruna.com\/wp-content\/uploads\/sites\/20\/2023\/03\/motoneige-foret-kiruna-768x512.jpg 768w\" sizes=\"auto, (max-width: 1200px) 100vw, 1200px\" \/><\/figure>\n\n\n\n<figure class=\"wp-block-image size-large\"><img loading=\"lazy\" decoding=\"async\" width=\"1200\" height=\"800\" data-id=\"463\" src=\"https:\/\/go-kiruna.com\/wp-content\/uploads\/sites\/20\/2023\/03\/attelage-chien-traineau-kiruna.jpg\" alt=\"Trineo de perros en Kiruna\" class=\"wp-image-463\" srcset=\"https:\/\/go-kiruna.com\/wp-content\/uploads\/sites\/20\/2023\/03\/attelage-chien-traineau-kiruna.jpg 1200w, https:\/\/go-kiruna.com\/wp-content\/uploads\/sites\/20\/2023\/03\/attelage-chien-traineau-kiruna-500x333.jpg 500w, https:\/\/go-kiruna.com\/wp-content\/uploads\/sites\/20\/2023\/03\/attelage-chien-traineau-kiruna-768x512.jpg 768w\" sizes=\"auto, (max-width: 1200px) 100vw, 1200px\" \/><\/figure>\n<\/figure>\n\n\n\n<p>Kiruna goza de una<strong> influencia moderada<\/strong> por t\u00e9rmino medio, con un pico en julio y diciembre. <strong>Sin embargo, no te demores en reservar<\/strong> tu alojamiento y actividades, \u00a1ya que es posible que no puedas hacer todo lo que hab\u00edas planeado!<\/p>\n\n\n\n<h3 class=\"wp-block-heading\" id=\"k-soleil\">Sol<\/h3>\n\n\n\n<p>Situada en el paralelo 68, a 200 kil\u00f3metros al norte del C\u00edrculo Polar \u00c1rtico, Kiruna tiene <strong>su particular<\/strong> conjunto de <strong>estaciones<\/strong>. Los sami, pueblo originario de Laponia, tienen<strong> 8 estaciones <\/strong>al a\u00f1o.   <\/p>\n\n\n\n<p>El sol <strong>no sale<\/strong> durante unos veinte d\u00edas en diciembre. Este fen\u00f3meno se conoce como la <strong>noche polar<\/strong>, y obliga a los lugare\u00f1os a <strong>adaptarse a esta<\/strong> falta de <strong>sol<\/strong>. <\/p>\n\n\n\n<figure class=\"wp-block-image size-full\"><img loading=\"lazy\" decoding=\"async\" width=\"1200\" height=\"800\" src=\"https:\/\/go-kiruna.com\/wp-content\/uploads\/sites\/20\/2023\/03\/coucher-soleil-kiruna.jpg\" alt=\"Puesta de sol sobre Kiruna\" class=\"wp-image-736\" srcset=\"https:\/\/go-kiruna.com\/wp-content\/uploads\/sites\/20\/2023\/03\/coucher-soleil-kiruna.jpg 1200w, https:\/\/go-kiruna.com\/wp-content\/uploads\/sites\/20\/2023\/03\/coucher-soleil-kiruna-500x333.jpg 500w, https:\/\/go-kiruna.com\/wp-content\/uploads\/sites\/20\/2023\/03\/coucher-soleil-kiruna-768x512.jpg 768w\" sizes=\"auto, (max-width: 1200px) 100vw, 1200px\" \/><\/figure>\n\n\n\n<p><\/p>\n\n\n\n<p>Por el contrario, durante unos cuarenta d\u00edas, entre finales de mayo y mediados de julio, se produce el fen\u00f3meno del <strong>sol de medianoche o d\u00eda polar<\/strong>. Durante este periodo, el sol <strong>no se pone nunca<\/strong>. <\/p>\n\n\n\n<p>Adem\u00e1s, desde mediados de abril hasta finales de agosto hay <strong>noches blancas<\/strong>. Aunque el sol se pone, <strong>nunca oscurece del todo<\/strong>. <\/p>\n\n\n\n<h3 class=\"wp-block-heading\" id=\"k-climat\">Temperatura y precipitaciones<\/h3>\n\n\n\n<p>Kiruna disfruta de un<strong> clima continental fr\u00edo<\/strong>, con inviernos g\u00e9lidos y veranos suaves. Ocasionalmente barrida por <strong>vientos \u00e1rticos<\/strong>, la regi\u00f3n puede experimentar <strong>temperaturas muy extremas<\/strong>. <\/p>\n\n\n\n<p>A lo largo de un a\u00f1o, hay <strong>grandes<\/strong> diferencias de temperatura. Durante los <strong>meses m\u00e1s fr\u00edos<\/strong>, de diciembre a febrero, las temperaturas son <strong>estrictamente negativas<\/strong>, fluctuando entre -5\u00b0C y -20\u00b0C.   <\/p>\n\n\n\n<p>A modo de ejemplo, el a\u00f1o m\u00e1s fr\u00edo registrado fue 1996, \u00a1cuando la temperatura baj\u00f3 hasta -42\u00b0C! Entre <strong>junio y agosto<\/strong>, en cambio, puedes disfrutar de temperaturas <strong>m\u00e1s suaves<\/strong>, de entre 5\u00b0C y 20\u00b0C. <\/p>\n\n\n\n<figure class=\"wp-block-image size-full\"><img loading=\"lazy\" decoding=\"async\" width=\"1200\" height=\"800\" src=\"https:\/\/go-kiruna.com\/wp-content\/uploads\/sites\/20\/2023\/03\/rue-enneigee-kiruna-hiver.jpg\" alt=\"Calle cubierta de nieve en Kiruna en invierno\" class=\"wp-image-737\" srcset=\"https:\/\/go-kiruna.com\/wp-content\/uploads\/sites\/20\/2023\/03\/rue-enneigee-kiruna-hiver.jpg 1200w, https:\/\/go-kiruna.com\/wp-content\/uploads\/sites\/20\/2023\/03\/rue-enneigee-kiruna-hiver-500x333.jpg 500w, https:\/\/go-kiruna.com\/wp-content\/uploads\/sites\/20\/2023\/03\/rue-enneigee-kiruna-hiver-768x512.jpg 768w\" sizes=\"auto, (max-width: 1200px) 100vw, 1200px\" \/><\/figure>\n\n\n\n<p><\/p>\n\n\n\n<p>Pero ten en cuenta que, a pesar de su <strong>clima muy seco<\/strong>, la regi\u00f3n de Kiruna se vuelve bastante <strong>lluviosa <\/strong>en verano. Comprueba si es un factor que puede molestarte antes de reservar tu viaje. <\/p>\n\n\n\n<h3 class=\"wp-block-heading\" id=\"k-aurores\">El mejor momento para ir a Kiruna a ver la aurora<\/h3>\n\n\n\n<p>En primer lugar, \u00bfqu\u00e9 es una <strong>aurora boreal<\/strong>? Conocida como <em>Aurora Boreal<\/em>, es un fen\u00f3meno f\u00edsico causado por la <strong>colisi\u00f3n de part\u00edculas de luz solar <\/strong>cargadas el\u00e9ctricamente en la atm\u00f3sfera. Los colores dependen entonces del <strong>nivel de ox\u00edgeno<\/strong> en la atm\u00f3sfera, del verde al violeta y al rojo.  <\/p>\n\n\n\n<p>Por supuesto, la aparici\u00f3n de estas estelas luminosas <strong>depende de toda una serie de condiciones<\/strong>: cielos despejados, actividad geomagn\u00e9tica, luminosidad&#8230; Pero para tener la oportunidad de verlas, tienes que viajar a Kiruna <strong>entre septiembre y marzo<\/strong>. <\/p>\n\n\n\n<figure class=\"wp-block-image size-full\"><img loading=\"lazy\" decoding=\"async\" width=\"1200\" height=\"800\" src=\"https:\/\/go-kiruna.com\/wp-content\/uploads\/sites\/20\/2023\/03\/aurore-boreale-jukkasjarvi.jpg\" alt=\"Auroras boreales en Jukkasjarvi\" class=\"wp-image-449\" srcset=\"https:\/\/go-kiruna.com\/wp-content\/uploads\/sites\/20\/2023\/03\/aurore-boreale-jukkasjarvi.jpg 1200w, https:\/\/go-kiruna.com\/wp-content\/uploads\/sites\/20\/2023\/03\/aurore-boreale-jukkasjarvi-500x333.jpg 500w, https:\/\/go-kiruna.com\/wp-content\/uploads\/sites\/20\/2023\/03\/aurore-boreale-jukkasjarvi-768x512.jpg 768w\" sizes=\"auto, (max-width: 1200px) 100vw, 1200px\" \/><\/figure>\n\n\n\n<p><\/p>\n\n\n\n<p>Es m\u00e1s probable que los veas entre <strong>las 19.00 y las 2.00 h<\/strong>. En teor\u00eda, los avistamientos m\u00e1s impresionantes tienen lugar <strong>entre las 22 y las 23 horas<\/strong>. <\/p>\n\n\n\n<p>Ten en cuenta que la mejor forma de verlas es<strong> mirar en Internet o en una aplicaci\u00f3n<\/strong> (hay varias gratuitas) para ver la <strong>probabilidad de que aparezcan<\/strong>. Luego sal a una <strong>zona abierta<\/strong> donde las luces artificiales sean lo m\u00e1s tenues posible y espera ver alguna. Si lo consigues, aprovecha el espect\u00e1culo, \u00a1porque <strong>a veces no duran mucho<\/strong>!  <\/p>\n\n\n\n<p>Para saber m\u00e1s, echa un vistazo a nuestra gu\u00eda para ver <a href=\"https:\/\/go-kiruna.com\/es\/aurora-boreal-kiruna\">auroras boreales en Kiruna<\/a>.<\/p>\n\n<\/div><\/div>\n\n<div class=\"gb-container gb-container-775b2e4c ksection\"><div class=\"gb-inside-container\">\n\n<p>Debido a <strong>estas condiciones especiales<\/strong>, te aconsejamos que pienses detenidamente en las fechas de tu viaje cuando elijas cu\u00e1ndo ir a Kiruna. Ser\u00e1n decisivas a la hora de organizar tu programa.   <\/p>\n\n\n\n<p>Si quieres hacer senderismo o rafting, ve durante los meses de verano. Pero prefiere los meses de invierno si quieres ir en moto de nieve o a la caza de la Aurora Boreal. En cualquier caso, sea cual sea la estaci\u00f3n, si quieres disfrutar de actividades al aire libre en las llanuras suecas, Kiruna y sus alrededores, especialmente <a href=\"https:\/\/go-kiruna.com\/es\/abisko\/\" data-type=\"page\" data-id=\"645\">Abisko<\/a>, \u00a1son un destino perfecto!<\/p>\n\n<\/div><\/div>","protected":false},"excerpt":{"rendered":"<p>\u00bfCu\u00e1ndo viajar a Kiruna? Kiruna, situada a 200 kil\u00f3metros al norte del C\u00edrculo Polar \u00c1rtico, tiene un clima muy especial. De hecho, la Laponia sueca es una de las regiones m\u00e1s templadas del mundo. Un destino que requiere una preparaci\u00f3n espec\u00edfica si quieres ir all\u00ed, especialmente durante los meses de invierno. En esta gu\u00eda te &#8230; <a title=\"\u00bfCu\u00e1ndo viajar a Kiruna?\" class=\"read-more\" href=\"https:\/\/go-kiruna.com\/es\/cuando-viajar-a-kiruna\/\" aria-label=\"M\u00e1s en \u00bfCu\u00e1ndo viajar a Kiruna?\">Leer m\u00e1s<\/a><\/p>\n","protected":false},"author":16,"featured_media":2488,"parent":0,"menu_order":0,"comment_status":"closed","ping_status":"closed","template":"","meta":{"footnotes":""},"class_list":["post-2487","page","type-page","status-publish","has-post-thumbnail"],"_links":{"self":[{"href":"https:\/\/go-kiruna.com\/es\/wp-json\/wp\/v2\/pages\/2487","targetHints":{"allow":["GET"]}}],"collection":[{"href":"https:\/\/go-kiruna.com\/es\/wp-json\/wp\/v2\/pages"}],"about":[{"href":"https:\/\/go-kiruna.com\/es\/wp-json\/wp\/v2\/types\/page"}],"author":[{"embeddable":true,"href":"https:\/\/go-kiruna.com\/es\/wp-json\/wp\/v2\/users\/16"}],"replies":[{"embeddable":true,"href":"https:\/\/go-kiruna.com\/es\/wp-json\/wp\/v2\/comments?post=2487"}],"version-history":[{"count":2,"href":"https:\/\/go-kiruna.com\/es\/wp-json\/wp\/v2\/pages\/2487\/revisions"}],"predecessor-version":[{"id":2902,"href":"https:\/\/go-kiruna.com\/es\/wp-json\/wp\/v2\/pages\/2487\/revisions\/2902"}],"wp:featuredmedia":[{"embeddable":true,"href":"https:\/\/go-kiruna.com\/es\/wp-json\/wp\/v2\/media\/2488"}],"wp:attachment":[{"href":"https:\/\/go-kiruna.com\/es\/wp-json\/wp\/v2\/media?parent=2487"}],"curies":[{"name":"wp","href":"https:\/\/api.w.org\/{rel}","templated":true}]}}